{"id":40,"date":"2016-01-07T14:11:14","date_gmt":"2016-01-07T13:11:14","guid":{"rendered":"http:\/\/peaudemiel.fr\/?page_id=40"},"modified":"2022-11-05T16:45:51","modified_gmt":"2022-11-05T15:45:51","slug":"les-amis-de-peau-de-miel","status":"publish","type":"page","link":"https:\/\/peaudemiel.fr\/index.php\/les-amis-de-peau-de-miel\/","title":{"rendered":"Les amis de Peau de Miel"},"content":{"rendered":"<p><a href=\"https:\/\/apiamilly.wordpress.com\" target=\"_blank\" rel=\"noopener noreferrer\">L&rsquo;association Api-Amilly<\/a><\/p>\n<p>Le but de l\u2019association est de promouvoir de mani\u00e8re p\u00e9dagogique la connaissance de l\u2019abeille, son environnement, la production du miel et de son emploi.<\/p>\n<div id=\"attachment_84\" style=\"width: 253px\" class=\"wp-caption aligncenter\"><a href=\"http:\/\/peaudemiel.fr\/wp-content\/uploads\/2016\/01\/logo_apiamilly_v2.jpg\"><img loading=\"lazy\" decoding=\"async\" aria-describedby=\"caption-attachment-84\" class=\"size-full wp-image-84\" src=\"http:\/\/peaudemiel.fr\/wp-content\/uploads\/2016\/01\/logo_apiamilly_v2.jpg\" alt=\"logo api amilly\" width=\"243\" height=\"162\"><\/a><p id=\"caption-attachment-84\" class=\"wp-caption-text\">logo api amilly<\/p><\/div>\n<p>Au travers de cette association, ils souhaitent s&rsquo;adresser avant tout \u00e0 un jeune public et proposer des animations aux habitants afin de les sensibiliser \u00e0 la probl\u00e9matique de la disparition des abeilles et de proposer des ateliers autour de la production de miel et son extraction.<\/p>\n<p><a href=\"https:\/\/apiamilly.wordpress.com\/\" target=\"_blank\" rel=\"noopener noreferrer\">https:\/\/apiamilly.wordpress.com\/ <\/a><\/p>\n<p><a href=\"mailto:api.amilly@gmail.com\">api.amilly@gmail.com<\/a><\/p>\n<p>\/\/&#8212;&#8212;&#8212;&#8212;&#8212;&#8212;&#8212;&#8212;&#8212;&#8212;&#8212;&#8212;&#8212;&#8212;&#8212;&#8212;&#8212;&#8212;&#8212;&#8212;&#8212;&#8212;&#8212;&#8212;&#8212;&#8212;&#8212;&#8212;&#8212;&#8212;&#8212;&#8212;&#8212;&#8212;&#8212;&#8212;&#8212;&#8212;<\/p>\n<p><a href=\"http:\/\/www.relaxozen.fr\" target=\"_blank\" rel=\"noopener noreferrer\">http:\/\/www.relaxozen.fr<\/a><\/p>\n<p><a href=\"http:\/\/peaudemiel.fr\/wp-content\/uploads\/2020\/11\/relaxozen-logo-baseline-orange-072019-250x70.png\"><img loading=\"lazy\" decoding=\"async\" class=\"size-full wp-image-507 alignleft\" src=\"http:\/\/peaudemiel.fr\/wp-content\/uploads\/2020\/11\/relaxozen-logo-baseline-orange-072019-250x70.png\" alt=\"\" width=\"250\" height=\"70\"><\/a><\/p>\n<p>Mettez le bien-\u00eatre au programme de votre vie<br \/>\nDes s\u00e9ances uniques et personnalis\u00e9es<br \/>\n<a href=\"http:\/\/www.relaxozen.fr\/\" target=\"_blank\" rel=\"noopener noreferrer\" data-saferedirecturl=\"https:\/\/www.google.com\/url?hl=fr&amp;q=http:\/\/www.relaxozen.fr\/&amp;source=gmail&amp;ust=1475586375821000&amp;usg=AFQjCNEsRBT8Fu2FGFHgfZAg8K4ngMJb-w\">http:\/\/www.relaxozen.fr\/<\/a><\/p>\n<ul class=\"address-block\">\n<li class=\"mobile\">06.70.04.94.79<\/li>\n<li class=\"email\"><a href=\"mailto:christel@relaxozen.fr\" target=\"_blank\" rel=\"noopener noreferrer\">christel@relaxozen.fr<\/a><\/li>\n<\/ul>\n<p>\/\/&#8212;&#8212;&#8212;&#8212;&#8212;&#8212;&#8212;&#8212;&#8212;&#8212;&#8212;&#8212;&#8212;&#8212;&#8212;&#8212;&#8212;&#8212;&#8212;&#8212;&#8212;&#8212;&#8212;&#8212;&#8212;&#8212;&#8212;&#8212;&#8212;&#8212;&#8212;&#8212;&#8212;&#8212;&#8212;&#8212;&#8212;&#8212;<\/p>\n<p><a href=\"http:\/\/peaudemiel.fr\/wp-content\/uploads\/2016\/01\/grefine.jpg\"><img loading=\"lazy\" decoding=\"async\" class=\"size-full wp-image-261 alignleft\" src=\"http:\/\/peaudemiel.fr\/wp-content\/uploads\/2016\/01\/grefine.jpg\" alt=\"grefine\" width=\"190\" height=\"138\"><\/a><a href=\"http:\/\/grefine.com\/\" target=\"_blank\" rel=\"noopener noreferrer\">http:\/\/grefine.com\/<\/a><\/p>\n<p>Librairie sp\u00e9cialis\u00e9e dans la litt\u00e9rature jeunesse et la bande-dessin\u00e9e, Gr\u00e9fine existe depuis 1977!<\/p>\n<section id=\"haut-gauche\">\n<div class=\"inside\">\n<div id=\"adresse\" class=\"mod_article block\">\n<div id=\"extJs_content_4\" class=\"ce_text block\">\n<h1>Adresse<\/h1>\n<p>57 Rue St Nicolas, 17000 La Rochelle (France)<\/p>\n<p>tel : 05.46.41.46.85<\/p>\n<p>mail : <a href=\"mailto:librairiegrefine@infonie.fr\">librairiegrefine@infonie.fr<\/a><\/p>\n<\/div>\n<\/div>\n<\/div>\n<\/section>\n<p>\/\/&#8212;&#8212;&#8212;&#8212;&#8212;&#8212;&#8212;&#8212;&#8212;&#8212;&#8212;<\/p>\n<h1 class=\"hero__title hY9UDb \"><a href=\"https:\/\/arjaure-lesbutineusesvagabondes-apiculteur-maraispoitevin.business.site\/\" target=\"_blank\" rel=\"noopener noreferrer\"><span class=\"hero__title-content CoIOBe nbOMh\" data-field=\"headline\">Guillaume Arjaur\u00e9<\/span><\/a><\/h1>\n<h1 class=\"hero__title hY9UDb \"><a href=\"_wp_link_placeholder\"><span class=\"hero__title-content CoIOBe nbOMh\" data-field=\"headline\">Apiculteur r\u00e9coltant<\/span><\/a><\/h1>\n<div class=\"notification \"><span class=\"notification-content\" data-field=\"announcement\">Miellerie \u00e0 Saint Georges de Rex<\/span><\/div>\n<div>\n<div class=\"kCmrbf\">\n<h3 class=\"Gou21b\">Coordonn\u00e9es<\/h3>\n<div data-field=\"phone\">06 87 84 14 70<\/div>\n<\/div>\n<div class=\"kCmrbf\">\n<h3 class=\"Gou21b\">Adresse<\/h3>\n<div data-field=\"address\">\n<address class=\"qhkvMe \">\n<div>11 rue du Rimonboeuf<\/div>\n<div>79210 Saint Georges de Rex<\/div>\n<div>France<\/div>\n<\/address>\n<\/div>\n<\/div>\n<\/div>\n<p>\/\/&#8212;&#8212;&#8212;&#8212;&#8212;&#8212;&#8212;&#8212;&#8212;&#8212;&#8212;&#8212;&#8212;&#8212;&#8212;&#8212;&#8212;&#8212;&#8212;&#8212;&#8212;&#8212;&#8212;&#8212;&#8212;&#8212;&#8212;<\/p>\n<p><a href=\"http:\/\/peaudemiel.fr\/wp-content\/uploads\/2020\/11\/savons.png\"><img loading=\"lazy\" decoding=\"async\" class=\" wp-image-509 alignnone\" src=\"http:\/\/peaudemiel.fr\/wp-content\/uploads\/2020\/11\/savons.png\" alt=\"\" width=\"227\" height=\"166\"><\/a>Les Savons En bullant<\/p>\n<p><a href=\"https:\/\/www.en-bullant.fr\/\" target=\"_blank\" rel=\"noopener noreferrer\">https:\/\/www.en-bullant.fr\/<\/a><br \/>\n\/\/&#8212;&#8212;&#8212;&#8212;&#8212;&#8212;&#8212;&#8212;&#8212;&#8212;&#8212;&#8212;&#8212;&#8212;&#8212;&#8212;&#8212;&#8212;&#8212;&#8212;&#8212;&#8212;&#8212;&#8212;&#8212;&#8212;&#8212;&#8212;&#8212;&#8212;&#8212;&#8212;&#8212;&#8212;&#8212;&#8212;&#8212;&#8212;L&rsquo;association<br \/>\nCA ROULE POUR LULU<br \/>\n14 rue de la Roche<br \/>\nLe Coudret<br \/>\n17700 SAINT SATURNIN DU BOIS<br \/>\n06 83 76 38 14<br \/>\n<a href=\"mailto:caroulepourlulu17@gmail.com\" target=\"_blank\" rel=\"noopener noreferrer\">caroulepourlulu17@gmail.com<\/a><br \/>\nvient en aide \u00e0 Lucas,<br \/>\nun petit gar\u00e7on handicap\u00e9<\/p>\n<p>\/\/&#8212;&#8212;&#8212;&#8212;&#8212;&#8212;&#8212;&#8212;&#8212;&#8212;&#8212;&#8212;&#8212;&#8212;&#8212;&#8212;&#8212;&#8212;&#8212;&#8212;&#8212;&#8212;&#8212;&#8212;&#8212;&#8212;&#8212;&#8212;&#8212;&#8212;&#8212;&#8212;&#8212;&#8212;&#8212;&#8212;&#8212;&#8212;<\/p>\n<p><a href=\"http:\/\/www.folies-royales.fr\/\" target=\"_blank\" rel=\"noopener noreferrer\">http:\/\/www.folies-royales.fr\/<\/a><\/p>\n<p><em>Folies Royale<\/em> est n\u00e9e dans une ruche. Si si, un beau matin, nous avons d\u00e9couvert les tubes de cr\u00e8me au beau milieu des abeilles et cette photo le prouve&nbsp;\ud83d\ude09<\/p>\n<p>C\u2019est une longue histoire d\u2019amour avec les abeilles, puisqu\u2019au point de d\u00e9part de ce beau projet, se trouve le r\u00e9seau d\u2019apiculteurs <a href=\"http:\/\/untoitpourlesabeilles.fr\/\">Un Toit Pour Les Abeilles<\/a>. Folies Royales est donc une marque cr\u00e9\u00e9e et d\u00e9velopp\u00e9e par <em>Un Toit Pour Les Abeilles<\/em>.<\/p>\n<p>\/\/&#8212;&#8212;&#8212;&#8212;&#8212;&#8212;&#8212;&#8212;&#8212;&#8212;&#8212;&#8212;&#8212;&#8212;&#8212;&#8212;&#8212;&#8212;&#8212;&#8212;&#8212;&#8212;&#8212;&#8212;&#8212;&#8212;&#8212;&#8212;&#8212;&#8212;&#8212;&#8212;&#8212;&#8212;&#8212;&#8212;&#8212;&#8212;<\/p>\n<p><a href=\"http:\/\/www.accorderie.fr\/surgeres\" target=\"_blank\" rel=\"noopener noreferrer\">L&rsquo;accorderie de Surg\u00e8res<\/a><\/p>\n<p>Un groupe de citoyen-es du canton de Surg\u00e8res qui s\u2019est rencontr\u00e9 avec l\u2019envie de r\u00e9fl\u00e9chir \u00e0 un projet&nbsp; permettant d\u2019enrichir la vie quotidienne de toutes et de tous \u00e0 l\u2019\u00e9chelle de notre territoire de vie.<\/p>\n<p><strong>Comment&nbsp; mieux se conna\u00eetre, \u00eatre davantage solidaire, comment imaginer de l\u2019entraide, \u00e9viter&nbsp; l\u2019isolement, mieux accueillir les nouveaux venus, se sentir appartenir \u00e0 un r\u00e9seau&nbsp;?<\/strong><\/p>\n<p>\/\/&#8212;&#8212;&#8212;&#8212;&#8212;&#8212;&#8212;&#8212;&#8212;&#8212;&#8212;&#8212;&#8212;&#8212;&#8212;&#8212;&#8212;&#8212;&#8212;&#8212;&#8212;&#8212;&#8212;&#8212;&#8212;&#8212;&#8212;&#8212;&#8212;&#8212;&#8212;&#8212;&#8212;&#8212;&#8212;&#8212;&#8212;&#8212;<\/p>\n","protected":false},"excerpt":{"rendered":"<p>L&rsquo;association Api-Amilly Le but de l\u2019association est de promouvoir de mani\u00e8re p\u00e9dagogique la connaissance de l\u2019abeille, son environnement, la production du miel et de son emploi. Au travers de cette association, ils souhaitent s&rsquo;adresser avant tout \u00e0 un jeune public &hellip; <a href=\"https:\/\/peaudemiel.fr\/index.php\/les-amis-de-peau-de-miel\/\">Lire la suite <span class=\"meta-nav\">&rarr;<\/span><\/a><\/p>\n","protected":false},"author":1,"featured_media":0,"parent":0,"menu_order":0,"comment_status":"closed","ping_status":"closed","template":"sidebar-page.php","meta":{"ngg_post_thumbnail":0,"footnotes":""},"class_list":["post-40","page","type-page","status-publish","hentry"],"_links":{"self":[{"href":"https:\/\/peaudemiel.fr\/index.php\/wp-json\/wp\/v2\/pages\/40","targetHints":{"allow":["GET"]}}],"collection":[{"href":"https:\/\/peaudemiel.fr\/index.php\/wp-json\/wp\/v2\/pages"}],"about":[{"href":"https:\/\/peaudemiel.fr\/index.php\/wp-json\/wp\/v2\/types\/page"}],"author":[{"embeddable":true,"href":"https:\/\/peaudemiel.fr\/index.php\/wp-json\/wp\/v2\/users\/1"}],"replies":[{"embeddable":true,"href":"https:\/\/peaudemiel.fr\/index.php\/wp-json\/wp\/v2\/comments?post=40"}],"version-history":[{"count":13,"href":"https:\/\/peaudemiel.fr\/index.php\/wp-json\/wp\/v2\/pages\/40\/revisions"}],"predecessor-version":[{"id":584,"href":"https:\/\/peaudemiel.fr\/index.php\/wp-json\/wp\/v2\/pages\/40\/revisions\/584"}],"wp:attachment":[{"href":"https:\/\/peaudemiel.fr\/index.php\/wp-json\/wp\/v2\/media?parent=40"}],"curies":[{"name":"wp","href":"https:\/\/api.w.org\/{rel}","templated":true}]}}