{"id":38,"date":"2016-01-07T14:10:54","date_gmt":"2016-01-07T13:10:54","guid":{"rendered":"http:\/\/peaudemiel.fr\/?page_id=38"},"modified":"2025-09-06T15:22:47","modified_gmt":"2025-09-06T14:22:47","slug":"tarifs-et-prestations","status":"publish","type":"page","link":"https:\/\/peaudemiel.fr\/index.php\/tarifs-et-prestations\/","title":{"rendered":"Tarifs et Prestations"},"content":{"rendered":"<h1 style=\"text-align: center;\">L&rsquo;ensemble des soins du visage se fait avec des produits bio et de fabrication fran\u00e7aise.<\/h1>\n<h1>&nbsp;<\/h1>\n<h1>\u00c9PILATIONS<\/h1>\n<h2>\u00c9pilation \u00e0 la r\u00e9sine naturelle (Wax Natural)<\/h2>\n<ul>\n<li>Sourcils&nbsp; &nbsp; &nbsp; &nbsp; &nbsp; &nbsp; &nbsp; &nbsp; &nbsp; &nbsp; &nbsp; &nbsp; &nbsp; &nbsp; &nbsp;<strong>8,00 \u20ac<\/strong><\/li>\n<li>Menton&nbsp; &nbsp; &nbsp; &nbsp; &nbsp; &nbsp; &nbsp; &nbsp; &nbsp; &nbsp; &nbsp; &nbsp; &nbsp; &nbsp; &nbsp;<strong>8,00 \u20ac<\/strong><\/li>\n<li>L\u00e8vre &nbsp;&nbsp;&nbsp;&nbsp;&nbsp;&nbsp;&nbsp;&nbsp;&nbsp;&nbsp;&nbsp;&nbsp;&nbsp;&nbsp;&nbsp;&nbsp;&nbsp;&nbsp;&nbsp;&nbsp;&nbsp;&nbsp;&nbsp;&nbsp;&nbsp;&nbsp;&nbsp;&nbsp;&nbsp;&nbsp;&nbsp; <strong>8,00 \u20ac<\/strong><\/li>\n<li>Visage entier&nbsp; &nbsp; &nbsp; &nbsp; &nbsp; &nbsp; &nbsp; &nbsp; &nbsp; &nbsp; <strong>20,00 \u20ac<\/strong><\/li>\n<li>Aisselles&nbsp; &nbsp; &nbsp; &nbsp; &nbsp; &nbsp; &nbsp; &nbsp; &nbsp; &nbsp; &nbsp; &nbsp; &nbsp; &nbsp;<strong>11,00 \u20ac<\/strong><\/li>\n<li>Maillot&nbsp; &nbsp; &nbsp; &nbsp; &nbsp; &nbsp; &nbsp; &nbsp; &nbsp; &nbsp; &nbsp; &nbsp; &nbsp; &nbsp; &nbsp; <strong>11,00 \u20ac<\/strong><\/li>\n<li>Maillot int\u00e9gral&nbsp;&nbsp;&nbsp;&nbsp;&nbsp;&nbsp;&nbsp;&nbsp;&nbsp;&nbsp;&nbsp;&nbsp;&nbsp;&nbsp;&nbsp;&nbsp; <strong>20,00 \u20ac<\/strong><\/li>\n<li>Bras&nbsp;&nbsp;&nbsp;&nbsp;&nbsp;&nbsp;&nbsp;&nbsp;&nbsp;&nbsp;&nbsp;&nbsp;&nbsp;&nbsp;&nbsp;&nbsp;&nbsp;&nbsp;&nbsp;&nbsp;&nbsp;&nbsp;&nbsp;&nbsp;&nbsp;&nbsp;&nbsp;&nbsp;&nbsp;&nbsp;&nbsp;&nbsp; <strong>17,00 \u20ac<\/strong><\/li>\n<li>Maillot \u00e9chancr\u00e9&nbsp;&nbsp;&nbsp;&nbsp;&nbsp;&nbsp;&nbsp;&nbsp;&nbsp;&nbsp;&nbsp;&nbsp;&nbsp; <strong>17,00 \u20ac<\/strong><\/li>\n<li>\u00bd Jambes&nbsp;&nbsp;&nbsp;&nbsp;&nbsp;&nbsp;&nbsp;&nbsp;&nbsp;&nbsp;&nbsp;&nbsp;&nbsp;&nbsp;&nbsp;&nbsp;&nbsp;&nbsp;&nbsp;&nbsp;&nbsp;&nbsp;&nbsp; <strong>17,00 \u20ac<\/strong><\/li>\n<li>\u00be Jambes&nbsp;&nbsp;&nbsp;&nbsp;&nbsp;&nbsp;&nbsp;&nbsp;&nbsp;&nbsp;&nbsp;&nbsp;&nbsp;&nbsp;&nbsp;&nbsp;&nbsp;&nbsp;&nbsp;&nbsp;&nbsp;&nbsp;&nbsp; <strong>20,00 \u20ac<\/strong><\/li>\n<li>Jambes enti\u00e8res&nbsp;&nbsp;&nbsp;&nbsp;&nbsp;&nbsp;&nbsp;&nbsp;&nbsp;&nbsp;&nbsp;&nbsp;&nbsp; <strong>22,00 \u20ac<\/strong><\/li>\n<li>Dos&nbsp;&nbsp;&nbsp;&nbsp;&nbsp;&nbsp;&nbsp;&nbsp;&nbsp;&nbsp;&nbsp;&nbsp;&nbsp;&nbsp;&nbsp;&nbsp;&nbsp;&nbsp;&nbsp;&nbsp;&nbsp;&nbsp;&nbsp;&nbsp;&nbsp;&nbsp;&nbsp;&nbsp;&nbsp;&nbsp;&nbsp;&nbsp;&nbsp; <strong>22,00 \u20ac<\/strong><\/li>\n<li>Torse&nbsp;&nbsp;&nbsp;&nbsp;&nbsp;&nbsp;&nbsp;&nbsp;&nbsp;&nbsp;&nbsp;&nbsp;&nbsp;&nbsp;&nbsp;&nbsp;&nbsp;&nbsp;&nbsp;&nbsp;&nbsp;&nbsp;&nbsp;&nbsp;&nbsp;&nbsp;&nbsp;&nbsp;&nbsp;&nbsp;<strong> 20,00 \u20ac<\/strong><\/li>\n<li>Epaules&nbsp; &nbsp; &nbsp; &nbsp; &nbsp; &nbsp; &nbsp; &nbsp; &nbsp; &nbsp; &nbsp; &nbsp; &nbsp; &nbsp; <strong>12,00 \u20ac<\/strong><\/li>\n<\/ul>\n<p>&nbsp;<\/p>\n<p>&nbsp;<\/p>\n<h1>LES ATELIERS BEAUT\u00c9S<\/h1>\n<ul>\n<li>Maquillage Mari\u00e9e + Essai&nbsp;&nbsp;&nbsp;&nbsp;&nbsp;&nbsp;&nbsp;&nbsp;&nbsp;&nbsp;&nbsp;&nbsp;&nbsp;&nbsp; <strong>40,00 \u20ac<\/strong><\/li>\n<li>Maquillage jour ou soir&nbsp; &nbsp; &nbsp; &nbsp; &nbsp; &nbsp; &nbsp; &nbsp; &nbsp; &nbsp;<strong> 23,00 \u20ac<\/strong><\/li>\n<li>Teinture Cils ou Sourcils&nbsp; &nbsp; &nbsp; &nbsp; &nbsp; &nbsp; &nbsp; &nbsp; &nbsp; &nbsp;<strong>15,00 \u20ac<\/strong><\/li>\n<\/ul>\n<h1>SOINS DU VISAGES SUR MESURE<\/h1>\n<p>Chaque soin est adapt\u00e9 \u00e0 votre \u00e9piderme selon vos besoins et au rythme des saisons<\/p>\n<h2>Soin du visage \u00ab\u00a0Voyage Royal\u00a0\u00bb<\/h2>\n<ul>\n<li>Hydratant, nourrissant, r\u00e9confortant aux actifs pr\u00e9cieux de la ruche (miel et gel\u00e9e royale)\n<ul>\n<li><strong>1h30&nbsp; &nbsp; &nbsp; &nbsp; &nbsp; &nbsp; &nbsp; &nbsp; &nbsp; &nbsp; &nbsp; &nbsp; &nbsp; &nbsp; &nbsp; &nbsp; 74,00 \u20ac<\/strong><\/li>\n<\/ul>\n<\/li>\n<\/ul>\n<h2>Soin du visage \u00ab\u00a0Alv\u00e9ole de bien \u00eatre\u00a0\u00bb<\/h2>\n<ul>\n<li>Assainissant, d\u00e9sincrustant, sublimant aux actifs pr\u00e9cieux de la ruche (miel et propolis)\n<ul>\n<li><strong>1h&nbsp; &nbsp; &nbsp;<\/strong> &nbsp; &nbsp; &nbsp; &nbsp; &nbsp; &nbsp; &nbsp; &nbsp; &nbsp; &nbsp; &nbsp; &nbsp; &nbsp; &nbsp; &nbsp;<strong> 60,00 \u20ac<\/strong><\/li>\n<\/ul>\n<\/li>\n<\/ul>\n<h1>SOINS DES MAINS ET DES PIEDS<\/h1>\n<ul>\n<li>Manucure mains ou pieds&nbsp;&nbsp;&nbsp;&nbsp;&nbsp;&nbsp;&nbsp;&nbsp;&nbsp;&nbsp;&nbsp;&nbsp;&nbsp;&nbsp;&nbsp; <strong>33,00 \u20ac<\/strong><\/li>\n<li>Coupe d&rsquo;ongles&nbsp; &nbsp; &nbsp; &nbsp; &nbsp; &nbsp; &nbsp; &nbsp; &nbsp; &nbsp; &nbsp; &nbsp; &nbsp; &nbsp; &nbsp; &nbsp; <strong>12,00 \u20ac<\/strong><\/li>\n<li>Pose de vernis&nbsp; &nbsp; &nbsp; &nbsp; &nbsp; &nbsp; &nbsp; &nbsp; &nbsp; &nbsp; &nbsp; &nbsp; &nbsp; &nbsp; &nbsp; &nbsp; &nbsp; <strong>12,00 \u20ac<\/strong><\/li>\n<li>Pose de vernis semi-permanent&nbsp; &nbsp; &nbsp; &nbsp;<strong>35,00 \u20ac<\/strong><\/li>\n<li>D\u00e9pose de vernis semi-permanent&nbsp; &nbsp; <strong>12,00 \u20ac<\/strong><\/li>\n<li>Soin complet de mains&nbsp; &nbsp; &nbsp; &nbsp; &nbsp; &nbsp; &nbsp; &nbsp; &nbsp; &nbsp; &nbsp; <strong>44,00 \u20ac<\/strong><\/li>\n<li>Soin complet des pieds&nbsp; &nbsp; &nbsp; &nbsp; &nbsp; &nbsp; &nbsp; &nbsp; &nbsp; &nbsp; &nbsp; <strong>44,00 \u20ac<\/strong><\/li>\n<\/ul>\n<h1>MASSAGES ESTHETIQUES (non th\u00e9rapeutique)<\/h1>\n<h1>Voyage de relaxation dans un jardin d&rsquo;hiver<\/h1>\n<h2>1h&nbsp; &nbsp; &nbsp;: 70\u20ac<\/h2>\n<h2>1h30 : 95\u20ac&nbsp;&nbsp;<\/h2>\n<ul>\n<li>Massage avec 5 huiles pr\u00e9cieuses et propolis protectrice<\/li>\n<li>Massage relaxant \u00e0 l&rsquo;huile enrichie en pollen remin\u00e9ralisant<\/li>\n<li>Massage \u00e0 l&rsquo;huile vibratoire dynamisante<\/li>\n<li>Massage \u00e0 la bougie avec cire d&rsquo;abeille<\/li>\n<li>Massage min\u00e9ral avec huile douce et pierres chaudes<\/li>\n<\/ul>\n<h1>SOINS DU DOS<\/h1>\n<ul>\n<li>Gommage et massage oriental&nbsp; &nbsp; &nbsp; &nbsp; &nbsp; &nbsp;<strong>1h : 74,00\u20ac<\/strong><\/li>\n<\/ul>\n<h1>SOINS DES JAMBES<\/h1>\n<ul>\n<li>R\u00e9confortant et nourrissant&nbsp; &nbsp; &nbsp; &nbsp; &nbsp; &nbsp; &nbsp; &nbsp; <strong>45mn : 44\u20ac<\/strong><\/li>\n<\/ul>\n<h1>MASSAGE ZONE AU CHOIX<\/h1>\n<ul>\n<li>Visage &#8211; Cr\u00e2ne &#8211; Mains &#8211; Pieds &#8211; Dos&nbsp; &nbsp; &nbsp; &nbsp;<strong>30mn : 38\u20ac<\/strong><\/li>\n<\/ul>\n<h1>FORFAITS VISAGE ET CORPS<\/h1>\n<h2>Se donner du temps ou bien l&rsquo;offrir !!!<\/h2>\n<ul>\n<li>SE FAIRE BELLE <strong>2 h<\/strong>\n<ul>\n<li>Un soin visage \u00ab\u00a0voyage royal\u00a0\u00bb + Pose de vernis Mains et Pieds&nbsp; &nbsp; &nbsp; <strong>93,00 \u20ac<\/strong><\/li>\n<\/ul>\n<\/li>\n<li>PLEIN LE DOS <strong>1 h<\/strong>\n<ul>\n<li>Soin d\u00e9sincrustant du dos + Massage oriental du dos&nbsp; &nbsp; &nbsp; &nbsp; &nbsp; &nbsp; &nbsp; &nbsp; &nbsp; &nbsp;<strong>74,00 \u20ac<\/strong><\/li>\n<\/ul>\n<\/li>\n<li>ALV\u00c9OLE DES ADOS jusqu&rsquo;\u00e0 18 ans (\u00e0 justifier) <strong>1 h<\/strong>\n<ul>\n<li>Soin visage r\u00e9\u00e9quilibrant ou soin purifiant du dos&nbsp; &nbsp; &nbsp; &nbsp; &nbsp; &nbsp; &nbsp; &nbsp; &nbsp; &nbsp; &nbsp; &nbsp; &nbsp;<strong>47,00 \u20ac<\/strong><\/li>\n<\/ul>\n<\/li>\n<li>A BOUT D&rsquo;ONGLES <strong>1h 30<\/strong>\n<ul>\n<li>Soin des mains ou des pieds+ pose de vernis simple mains ou pieds&nbsp;&nbsp;&nbsp;&nbsp;&nbsp;&nbsp;&nbsp;&nbsp;&nbsp;&nbsp;&nbsp;&nbsp;&nbsp;&nbsp;&nbsp;&nbsp;&nbsp;&nbsp;&nbsp;&nbsp;&nbsp;&nbsp;&nbsp;&nbsp;&nbsp;&nbsp;&nbsp;&nbsp;&nbsp;&nbsp;&nbsp;&nbsp;&nbsp;&nbsp;&nbsp;&nbsp;&nbsp;&nbsp;&nbsp;&nbsp;&nbsp;&nbsp;&nbsp;&nbsp;&nbsp;&nbsp;&nbsp;&nbsp;&nbsp;&nbsp;&nbsp;&nbsp;&nbsp;&nbsp;&nbsp;&nbsp;&nbsp;&nbsp;&nbsp;&nbsp;&nbsp;&nbsp;&nbsp;&nbsp;&nbsp;&nbsp;&nbsp;&nbsp;&nbsp;&nbsp;&nbsp;&nbsp;&nbsp;&nbsp;&nbsp;&nbsp;&nbsp;&nbsp;&nbsp;&nbsp;&nbsp;&nbsp;&nbsp;&nbsp;&nbsp;&nbsp;&nbsp;&nbsp;&nbsp;&nbsp;&nbsp;&nbsp;&nbsp;&nbsp;&nbsp;&nbsp;&nbsp;&nbsp;&nbsp;&nbsp; <strong>50,00 \u20ac<\/strong><\/li>\n<\/ul>\n<\/li>\n<li>LUNE DE MIEL <strong>3h<\/strong>\n<ul>\n<li>Soin du visage \u00ab\u00a0voyage royal\u00a0\u00bb 1h30 + Massage esth\u00e9tique aux huiles pr\u00e9cieuses et\/ou cire de propolis 1h30&nbsp; &nbsp; &nbsp; &nbsp; &nbsp; &nbsp; &nbsp; &nbsp; &nbsp; &nbsp; &nbsp; &nbsp; &nbsp; &nbsp; &nbsp; &nbsp; &nbsp; &nbsp; &nbsp; &nbsp; &nbsp; &nbsp; &nbsp;<strong>160,00 \u20ac<\/strong><\/li>\n<\/ul>\n<\/li>\n<\/ul>\n<p>OUVERTURE DU LUNDI AU SAMEDI<\/p>\n<p>L&rsquo;institut est ferm\u00e9 pendant les rdv \u00e0 domicile.<\/p>\n<p>Les bons cadeaux sont valables 1 an.<\/p>\n","protected":false},"excerpt":{"rendered":"<p>L&rsquo;ensemble des soins du visage se fait avec des produits bio et de fabrication fran\u00e7aise. &nbsp; \u00c9PILATIONS \u00c9pilation \u00e0 la r\u00e9sine naturelle (Wax Natural) Sourcils&nbsp; &nbsp; &nbsp; &nbsp; &nbsp; &nbsp; &nbsp; &nbsp; &nbsp; &nbsp; &nbsp; &nbsp; &nbsp; &nbsp; &nbsp;8,00 \u20ac &hellip; <a href=\"https:\/\/peaudemiel.fr\/index.php\/tarifs-et-prestations\/\">Lire la suite <span class=\"meta-nav\">&rarr;<\/span><\/a><\/p>\n","protected":false},"author":1,"featured_media":0,"parent":0,"menu_order":0,"comment_status":"closed","ping_status":"closed","template":"sidebar-page.php","meta":{"ngg_post_thumbnail":0,"footnotes":""},"class_list":["post-38","page","type-page","status-publish","hentry"],"_links":{"self":[{"href":"https:\/\/peaudemiel.fr\/index.php\/wp-json\/wp\/v2\/pages\/38","targetHints":{"allow":["GET"]}}],"collection":[{"href":"https:\/\/peaudemiel.fr\/index.php\/wp-json\/wp\/v2\/pages"}],"about":[{"href":"https:\/\/peaudemiel.fr\/index.php\/wp-json\/wp\/v2\/types\/page"}],"author":[{"embeddable":true,"href":"https:\/\/peaudemiel.fr\/index.php\/wp-json\/wp\/v2\/users\/1"}],"replies":[{"embeddable":true,"href":"https:\/\/peaudemiel.fr\/index.php\/wp-json\/wp\/v2\/comments?post=38"}],"version-history":[{"count":28,"href":"https:\/\/peaudemiel.fr\/index.php\/wp-json\/wp\/v2\/pages\/38\/revisions"}],"predecessor-version":[{"id":719,"href":"https:\/\/peaudemiel.fr\/index.php\/wp-json\/wp\/v2\/pages\/38\/revisions\/719"}],"wp:attachment":[{"href":"https:\/\/peaudemiel.fr\/index.php\/wp-json\/wp\/v2\/media?parent=38"}],"curies":[{"name":"wp","href":"https:\/\/api.w.org\/{rel}","templated":true}]}}