{"id":112,"date":"2016-01-07T17:02:39","date_gmt":"2016-01-07T16:02:39","guid":{"rendered":"http:\/\/peaudemiel.fr\/?page_id=112"},"modified":"2025-09-06T15:20:20","modified_gmt":"2025-09-06T14:20:20","slug":"modelages","status":"publish","type":"page","link":"https:\/\/peaudemiel.fr\/index.php\/modelages\/","title":{"rendered":"MASSAGES ESTHETIQUES (non th\u00e9rapeutiques)"},"content":{"rendered":"<h1>Voyage de relaxation dans un jardin d&rsquo;hiver<\/h1>\n<h2>1h&nbsp; &nbsp; &nbsp;: 70\u20ac<\/h2>\n<h2>1h30 : 95\u20ac&nbsp;&nbsp;<\/h2>\n<ul>\n<li>Massage avec 5 huiles pr\u00e9cieuses et propolis protectrice<\/li>\n<li>Massage relaxant \u00e0 l&rsquo;huile enrichie en pollen remin\u00e9ralisant<\/li>\n<li>Massage \u00e0 l&rsquo;huile vibratoire dynamisante<\/li>\n<li>Massage \u00e0 la bougie avec cire d&rsquo;abeille<\/li>\n<li>Massage min\u00e9ral avec huile douce et pierres chaudes<\/li>\n<\/ul>\n<p>&nbsp;<\/p>\n","protected":false},"excerpt":{"rendered":"<p>Voyage de relaxation dans un jardin d&rsquo;hiver 1h&nbsp; &nbsp; &nbsp;: 70\u20ac 1h30 : 95\u20ac&nbsp;&nbsp; Massage avec 5 huiles pr\u00e9cieuses et propolis protectrice Massage relaxant \u00e0 l&rsquo;huile enrichie en pollen remin\u00e9ralisant Massage \u00e0 l&rsquo;huile vibratoire dynamisante Massage \u00e0 la bougie avec &hellip; <a href=\"https:\/\/peaudemiel.fr\/index.php\/modelages\/\">Lire la suite <span class=\"meta-nav\">&rarr;<\/span><\/a><\/p>\n","protected":false},"author":1,"featured_media":0,"parent":0,"menu_order":0,"comment_status":"closed","ping_status":"closed","template":"sidebar-page.php","meta":{"ngg_post_thumbnail":0,"footnotes":""},"class_list":["post-112","page","type-page","status-publish","hentry"],"_links":{"self":[{"href":"https:\/\/peaudemiel.fr\/index.php\/wp-json\/wp\/v2\/pages\/112","targetHints":{"allow":["GET"]}}],"collection":[{"href":"https:\/\/peaudemiel.fr\/index.php\/wp-json\/wp\/v2\/pages"}],"about":[{"href":"https:\/\/peaudemiel.fr\/index.php\/wp-json\/wp\/v2\/types\/page"}],"author":[{"embeddable":true,"href":"https:\/\/peaudemiel.fr\/index.php\/wp-json\/wp\/v2\/users\/1"}],"replies":[{"embeddable":true,"href":"https:\/\/peaudemiel.fr\/index.php\/wp-json\/wp\/v2\/comments?post=112"}],"version-history":[{"count":4,"href":"https:\/\/peaudemiel.fr\/index.php\/wp-json\/wp\/v2\/pages\/112\/revisions"}],"predecessor-version":[{"id":717,"href":"https:\/\/peaudemiel.fr\/index.php\/wp-json\/wp\/v2\/pages\/112\/revisions\/717"}],"wp:attachment":[{"href":"https:\/\/peaudemiel.fr\/index.php\/wp-json\/wp\/v2\/media?parent=112"}],"curies":[{"name":"wp","href":"https:\/\/api.w.org\/{rel}","templated":true}]}}